{"id":4,"date":"2020-03-05T14:44:08","date_gmt":"2020-03-05T14:44:08","guid":{"rendered":"https:\/\/staging-mutti.kinsta.cloud\/pl\/about-us\/"},"modified":"2020-04-01T10:19:28","modified_gmt":"2020-04-01T10:19:28","slug":"o-mutti","status":"publish","type":"page","link":"https:\/\/staging-mutti.kinsta.cloud\/pl\/o-mutti\/","title":{"rendered":"O Mutti"},"content":{"rendered":"<div class=\"acf-hero-video-player alignfull acf-video-player has-fill-stretch bg-cover bg-center\" style=\"background-image: url('https:\/\/mutti-parma.com\/app\/themes\/mutti\/dist\/images\/video\/about.jpg?id=d101795b6c85815fbfcd')\" data-vue-wrapper>\n      <div class=\"responsive-embed \" style=\"padding-bottom: 35.3125%;\">\n      <div class=\"responsive-embed-item\">\n        <video-player\n          :volume=\"50\"\n          :repeat=\"true\"\n          :autostart=\"true\"\n          :mute=\"true\"\n          :start-position=\"12\"\n          :show-controls=\"true\"\n          :chapters='[{\"time\":0,\"text\":\"Home\"},{\"time\":12.5,\"text\":\"About Mutti\"},{\"time\":30.5,\"text\":\"From Field to Table\"},{\"time\":41.5,\"text\":\"Products\"},{\"time\":50.5,\"text\":\"Recipes\"}]'\n          :fullscreen=\"false\"\n          placeholder-image=\"https:\/\/mutti-parma.com\/app\/themes\/mutti\/dist\/images\/video\/about.jpg?id=d101795b6c85815fbfcd\"\n          aspect-ratio=\"1280:452\"\n          name=\"Hero: about\"\n                      hls-source=\"https:\/\/cdn.mutti-parma.com\/app\/uploads\/videos\/global-hero\/playlist.m3u8#t=12\"\n                  >\n                  <\/video-player>\n      <\/div>\n    <\/div>\n  <\/div>\n\n\n\n<div class=\"wp-block-cover alignwide has-pitchblack-background-color has-background-dim\" style=\"background-image:url(https:\/\/staging-mutti.kinsta.cloud\/app\/uploads\/sites\/3\/2019\/09\/banner-about-us.jpg);background-position:29.493087557603687% 23.61111111111111%\"><div class=\"wp-block-cover__inner-container is-layout-flow wp-block-cover-is-layout-flow\"><div class=\"acf-breadcrumb my-4 md:my-8 text-center\">\n  <nav>\n  <ol class=\"list-none text-md\">\n                  <li class=\"inline\">\n                      <a class=\"text-inherit\" href=\"https:\/\/staging-mutti.kinsta.cloud\/pl\/\">\n              Strona g\u0142\u00f3wna\n            <\/a>\n                            <\/li>\n            <\/ol>\n<\/nav>\n<\/div>\n\n\n\n<h2 class=\"wp-block-heading\"><strong>O Mutti<\/strong><\/h2>\n\n\n\n<p class=\"has-text-align-center is-style-cursive\">D\u0142uga historia mi\u0142osna<\/p>\n\n\n\n<p class=\"has-text-align-center\">Misj\u0105 naszej firmy jest wyniesienie pomidora do pe\u0142ni jego potencja\u0142u. Ten cel przy\u015bwieca nam od 120 lat. Ca\u0142y czas uczymy si\u0119 nowych rzeczy o tych wspania\u0142ych owocach i stale udoskonalamy ka\u017cdy etap produkcji, aby tworzy\u0107 najlepsze produkty z pomidor\u00f3w, jak to tylko mo\u017cliwe.<\/p>\n\n\n\n<p class=\"has-text-align-center is-style-cursive\">A wszystko zacz\u0119\u0142o si\u0119 w&#8230;<\/p>\n<\/div><\/div>\n\n\n\n\n\n<div class=\"wp-block-media-text alignwide is-stacked-on-mobile\"><figure class=\"wp-block-media-text__media\"><img loading=\"lazy\" decoding=\"async\" src=\"https:\/\/staging-mutti.kinsta.cloud\/app\/uploads\/sites\/3\/2019\/09\/section-about-us-still-passionate-1024x683.jpg\" alt=\"\" class=\"wp-image-30000048\" sizes=\"(max-width: 600px) 100vw, (min-width: 1440px) 792px,55vw\" data-spai-crop=\"false\" srcset=\"https:\/\/mutti-parma.com\/app\/uploads\/sites\/3\/2019\/09\/section-about-us-still-passionate-1024x683.jpg 1024w, https:\/\/mutti-parma.com\/app\/uploads\/sites\/3\/2019\/09\/section-about-us-still-passionate-200x133.jpg 200w, https:\/\/mutti-parma.com\/app\/uploads\/sites\/3\/2019\/09\/section-about-us-still-passionate-500x334.jpg 500w, https:\/\/mutti-parma.com\/app\/uploads\/sites\/3\/2019\/09\/section-about-us-still-passionate-768x513.jpg 768w, https:\/\/mutti-parma.com\/app\/uploads\/sites\/3\/2019\/09\/section-about-us-still-passionate-150x100.jpg 150w, https:\/\/mutti-parma.com\/app\/uploads\/sites\/3\/2019\/09\/section-about-us-still-passionate-600x400.jpg 600w\" \/><\/figure><div class=\"wp-block-media-text__content\">\n<h2 class=\"wp-block-heading\"><strong>Pe\u0142ni pasji jak zawsze<\/strong><\/h2>\n\n\n\n<p class=\"has-xxl-font-size is-style-cursive\">Nasza firma dzisiaj<\/p>\n\n\n\n<p>Jeste\u015bmy<strong> <\/strong>w pe\u0142ni oddani tworzeniu najlepszych produkt\u00f3w z pomidor\u00f3w dla naszych konsument\u00f3w. Siedziba g\u0142\u00f3wna firmy mie\u015bci si\u0119 w Parmie, we W\u0142oszech, gdzie powsta\u0142a 120 lat temu. W przysz\u0142o\u015bci chcemy nieustannie dzieli\u0107 si\u0119 nasza mi\u0142o\u015bci\u0105 do pomidorowych smak\u00f3w, nowych pomys\u0142\u00f3w i zr\u00f3wnowa\u017conego rozwoju z milionami naszych nowych fan\u00f3w.<\/p>\n\n\n\n<p class=\"has-xxl-font-size is-style-cursive\">Dla os\u00f3b szukaj\u0105cych&#8230;<\/p>\n\n\n\n<h3 class=\"wp-block-heading\">najlepszych, prawdziwych w\u0142oskich pomidor\u00f3w.<\/h3>\n<\/div><\/div>\n\n\n\n<div class=\"wp-block-group alignwide has-secondary-background-color has-background is-style-gradient\"><div class=\"wp-block-group__inner-container is-layout-flow wp-block-group-is-layout-flow\">\n<h2 class=\"has-text-align-center wp-block-heading\"><strong>NASZE PODEJ\u015aCIE<\/strong><\/h2>\n\n\n\n<p class=\"has-text-align-center\">Pasja Mutti do pomidor\u00f3w opiera si\u0119 na trzech warto\u015bciach: jako\u015bci, jawno\u015bci i zaufaniu.<\/p>\n\n\n\n<p class=\"has-text-align-center\"> \u201cDobra praca, to praca pe\u0142na oddania, konsekwencji i wiedzy \u2013 a tak\u017ce pe\u0142na pasji i szczero\u015bci.\u201d <\/p>\n\n\n\n<p class=\"has-text-align-center is-style-cursive\"> Francesco Mutti<\/p>\n\n\n\n<p class=\"has-text-color has-text-align-center has-primary-color\">CEO Mutti S.p.A<\/p>\n\n\n<div class=\"acf-image-grid alignwide\">\n  <div class=\"flex -mx-8 -my-4 md:-mt-8 flex-wrap\">\n          <div class=\" w-1\/1 sm:w-1\/2 md:w-1\/3 px-8 py-4 md:py-8\">\n                  <a href=\"https:\/\/staging-mutti.kinsta.cloud\/pl\/o-mutti\/nasze-podejscie\/#values\" target=\"\" class=\"hover:zoom-img\">\n        \n                  \n          <div class=\"responsive-embed \" style=\"padding-bottom: 75%;\">\n            <img decoding=\"async\" width=\"800\" height=\"600\" src=\"https:\/\/mutti-parma.com\/app\/uploads\/sites\/3\/2019\/09\/section-about-us-company-values-800x600.jpg\" class=\"wp-image-30000049 attachment-4:3 size-4:3\" alt=\"mutti production\" data-spai-crop=\"true\" loading=\"lazy\" \/>\n          <\/div>\n        \n                  <h5 class=\"text-center underline\">\n            WARTO\u015aCI FIRMY\n                      <\/h5>\n        \n                  <\/a>\n              <\/div>\n          <div class=\" w-1\/1 sm:w-1\/2 md:w-1\/3 px-8 py-4 md:py-8\">\n                  <a href=\"https:\/\/staging-mutti.kinsta.cloud\/pl\/o-mutti\/nasze-podejscie\/#environmental-certifications\" target=\"\" class=\"hover:zoom-img\">\n        \n                  \n          <div class=\"responsive-embed \" style=\"padding-bottom: 75%;\">\n            <img decoding=\"async\" width=\"800\" height=\"600\" src=\"https:\/\/mutti-parma.com\/app\/uploads\/sites\/3\/2019\/09\/land-parma-800x600.jpg\" class=\"wp-image-30000083 attachment-4:3 size-4:3\" alt=\"tomatoes land\" data-spai-crop=\"true\" srcset=\"https:\/\/mutti-parma.com\/app\/uploads\/sites\/3\/2019\/09\/land-parma-800x600.jpg 800w, https:\/\/mutti-parma.com\/app\/uploads\/sites\/3\/2019\/09\/land-parma-200x150.jpg 200w, https:\/\/mutti-parma.com\/app\/uploads\/sites\/3\/2019\/09\/land-parma-500x375.jpg 500w, https:\/\/mutti-parma.com\/app\/uploads\/sites\/3\/2019\/09\/land-parma-768x576.jpg 768w, https:\/\/mutti-parma.com\/app\/uploads\/sites\/3\/2019\/09\/land-parma-1024x768.jpg 1024w, https:\/\/mutti-parma.com\/app\/uploads\/sites\/3\/2019\/09\/land-parma-150x113.jpg 150w, https:\/\/mutti-parma.com\/app\/uploads\/sites\/3\/2019\/09\/land-parma-600x450.jpg 600w\" sizes=\"auto, (max-width: 800px) 100vw, 800px\" loading=\"lazy\" \/>\n          <\/div>\n        \n                  <h5 class=\"text-center underline\">\n            \u015aRODOWISKO\n                      <\/h5>\n        \n                  <\/a>\n              <\/div>\n          <div class=\" w-1\/1 sm:w-1\/2 md:w-1\/3 px-8 py-4 md:py-8\">\n                  <a href=\"https:\/\/staging-mutti.kinsta.cloud\/pl\/o-mutti\/nasze-podejscie\/#ethics-and-legality\" target=\"\" class=\"hover:zoom-img\">\n        \n                  \n          <div class=\"responsive-embed \" style=\"padding-bottom: 75%;\">\n            <img decoding=\"async\" width=\"800\" height=\"600\" src=\"https:\/\/mutti-parma.com\/app\/uploads\/sites\/3\/2019\/09\/section-about-ethics-legality-800x600.jpg\" class=\"wp-image-30000050 attachment-4:3 size-4:3\" alt=\"mutti tshirt\" data-spai-crop=\"true\" loading=\"lazy\" \/>\n          <\/div>\n        \n                  <h5 class=\"text-center underline\">\n            ETYKA I PRAWO\n                      <\/h5>\n        \n                  <\/a>\n              <\/div>\n          <div class=\" w-1\/1 sm:w-1\/2 md:w-1\/3 px-8 py-4 md:py-8\">\n                  <a href=\"https:\/\/staging-mutti.kinsta.cloud\/pl\/o-mutti\/nasze-podejscie\/#responsibility\" target=\"\" class=\"hover:zoom-img\">\n        \n                  \n          <div class=\"responsive-embed \" style=\"padding-bottom: 75%;\">\n            <img decoding=\"async\" width=\"600\" height=\"500\" src=\"https:\/\/mutti-parma.com\/app\/uploads\/sites\/3\/2019\/09\/section-process-planting.jpg\" class=\"wp-image-30000031 attachment-4:3 size-4:3\" alt=\"process planting\" data-spai-crop=\"true\" srcset=\"https:\/\/mutti-parma.com\/app\/uploads\/sites\/3\/2019\/09\/section-process-planting.jpg 600w, https:\/\/mutti-parma.com\/app\/uploads\/sites\/3\/2019\/09\/section-process-planting-200x167.jpg 200w, https:\/\/mutti-parma.com\/app\/uploads\/sites\/3\/2019\/09\/section-process-planting-500x417.jpg 500w, https:\/\/mutti-parma.com\/app\/uploads\/sites\/3\/2019\/09\/section-process-planting-150x125.jpg 150w\" sizes=\"auto, (max-width: 600px) 100vw, 600px\" loading=\"lazy\" \/>\n          <\/div>\n        \n                  <h5 class=\"text-center underline\">\n            KODEKS ETYKI\n                      <\/h5>\n        \n                  <\/a>\n              <\/div>\n          <div class=\" w-1\/1 sm:w-1\/2 md:w-1\/3 px-8 py-4 md:py-8\">\n                  <a href=\"https:\/\/staging-mutti.kinsta.cloud\/pl\/o-mutti\/nasze-podejscie\/#organization-and-control\" target=\"\" class=\"hover:zoom-img\">\n        \n                  \n          <div class=\"responsive-embed \" style=\"padding-bottom: 75%;\">\n            <img decoding=\"async\" width=\"800\" height=\"600\" src=\"https:\/\/mutti-parma.com\/app\/uploads\/sites\/3\/2019\/09\/section-golden-tomato-winners-growing-cycle-800x600.jpg\" class=\"wp-image-30000041 attachment-4:3 size-4:3\" alt=\"tomatoes\" data-spai-crop=\"true\" loading=\"lazy\" \/>\n          <\/div>\n        \n                  <h5 class=\"text-center underline\">\n            KODEKS POST\u0118POWNIA\n                      <\/h5>\n        \n                  <\/a>\n              <\/div>\n      <\/div>\n<\/div>\n<\/div><\/div>\n\n\n\n<div class=\"wp-block-cover alignwide has-background-dim-80 has-darkred-background-color has-background-dim\" style=\"background-image:url(https:\/\/staging-mutti.kinsta.cloud\/app\/uploads\/sites\/3\/2019\/09\/tomatoes.jpg)\"><div class=\"wp-block-cover__inner-container is-layout-flow wp-block-cover-is-layout-flow\">\n<div class=\"wp-block-columns alignwide is-layout-flex wp-container-core-columns-is-layout-9d6595d7 wp-block-columns-is-layout-flex\">\n<div class=\"wp-block-column is-layout-flow wp-block-column-is-layout-flow\">\n<h2 class=\"wp-block-heading\" id=\"sustainability\"><strong>Zr\u00f3wnowa\u017cony rozw\u00f3j<\/strong><\/h2>\n\n\n\n<p class=\"is-style-cursive mb-0\">Zr\u00f3wnowa\u017cony rozw\u00f3j oznacza dla nas szacunek do ziemi<\/p>\n\n\n\n<h4 class=\"wp-block-heading\">Wsp\u00f3\u0142praca z WWF<\/h4>\n\n\n\n<p><br>Mutti \u015bci\u015ble wsp\u00f3\u0142pracowa\u0142o z w\u0142oskim WWF, aby pom\u00f3c rolnikom znale\u017a\u0107 zr\u00f3wnowa\u017cone sposoby ograniczenia zu\u017cycia wody i emisji dwutlenku w\u0119gla. W\u0142oski WWF nie tylko wyznaczy\u0142 cele, ale tak\u017ce pozwoli\u0142 rolnikom przeanalizowa\u0107 dane, by mogli sprawdzi\u0107, co mog\u0105 usprawni\u0107. Na przyk\u0142ad, organizacja zach\u0119ca\u0142a do korzystania ze specjalnych czujnik\u00f3w, kt\u00f3re mierz\u0105 poziom wilgoci w glebie, dostarczaj\u0105c tym samym cennych informacji, kt\u00f3re pomagaj\u0105 rozs\u0105dniej gospodarowa\u0107 wod\u0105. Mutti zainwestowa\u0142o w technologi\u0119, edukacj\u0119 i wsparcie techniczne dla rolnik\u00f3w i organizacji rolnych. Mimo, \u017ce nasz pi\u0119cioletni projekt ju\u017c si\u0119 zako\u0144czy\u0142, ca\u0142y czas czujemy si\u0119 zobowi\u0105zani do zmniejszania naszego wp\u0142ywu na \u015brodowisko i popraw\u0119 ka\u017cdego etapu naszej produkcji.<\/p>\n<\/div>\n\n\n\n<div class=\"wp-block-column is-layout-flow wp-block-column-is-layout-flow\">\n<h2 class=\"has-text-align-center wp-block-heading\">WYNIKI:<\/h2>\n\n\n\n<div class=\"wp-block-columns is-layout-flex wp-container-core-columns-is-layout-9d6595d7 wp-block-columns-is-layout-flex\">\n<div class=\"wp-block-column is-layout-flow wp-block-column-is-layout-flow\">\n<div class=\"wp-block-image\"><figure class=\"aligncenter size-large is-resized\"><img loading=\"lazy\" decoding=\"async\" src=\"https:\/\/staging-mutti.kinsta.cloud\/app\/uploads\/sites\/3\/2019\/09\/icon-sustainable-water.svg\" alt=\"\" class=\"wp-image-30000085\" width=\"53\" height=\"91\" \/><\/figure><\/div>\n\n\n\n<h4 class=\"has-text-align-center wp-block-heading\">+ 1000 milion\u00f3w litr\u00f3w zaoszcz\u0119dzonej wody*<\/h4>\n\n\n\n<p class=\"has-text-align-center has-sm-font-size\">*w latach 2012-2014 (\u0179r\u00f3d\u0142o: dane zebrane przez CMCC, WWF i Mediterranean Climate Change Center we W\u0142oszech)<\/p>\n<\/div>\n\n\n\n<div class=\"wp-block-column is-layout-flow wp-block-column-is-layout-flow\">\n<div class=\"wp-block-image\"><figure class=\"aligncenter size-large is-resized\"><img loading=\"lazy\" decoding=\"async\" src=\"https:\/\/staging-mutti.kinsta.cloud\/app\/uploads\/sites\/3\/2019\/09\/icon-sustainable-co2.svg\" alt=\"\" class=\"wp-image-30000086\" width=\"114\" height=\"88\" \/><\/figure><\/div>\n\n\n\n<h4 class=\"has-text-align-center wp-block-heading\">+ 31530 ton niewyemitowanego dwutlenku w\u0119gla.<\/h4>\n\n\n\n<p class=\"has-text-align-center has-sm-font-size\">* w latach 2010-2015, w por\u00f3wnaniu do emisji w roku 2009 (\u0179r\u00f3d\u0142o: dane zebrane przez w\u0142oski WWF i Officinae Verdi, grup\u0119 wydajnego wykorzystania energii)<\/p>\n<\/div>\n<\/div>\n<\/div>\n<\/div>\n<\/div><\/div>\n\n\n\n<div class=\"wp-block-media-text alignwide is-stacked-on-mobile\"><figure class=\"wp-block-media-text__media\"><img loading=\"lazy\" decoding=\"async\" src=\"https:\/\/staging-mutti.kinsta.cloud\/app\/uploads\/sites\/3\/2019\/09\/banner-golden-tomato-1024x683.jpg\" alt=\"\" class=\"wp-image-300000162\" sizes=\"(max-width: 600px) 100vw, (min-width: 1440px) 792px,55vw\" data-spai-crop=\"false\" srcset=\"https:\/\/mutti-parma.com\/app\/uploads\/sites\/3\/2019\/09\/banner-golden-tomato-1024x683.jpg 1024w, https:\/\/mutti-parma.com\/app\/uploads\/sites\/3\/2019\/09\/banner-golden-tomato-200x133.jpg 200w, https:\/\/mutti-parma.com\/app\/uploads\/sites\/3\/2019\/09\/banner-golden-tomato-500x333.jpg 500w, https:\/\/mutti-parma.com\/app\/uploads\/sites\/3\/2019\/09\/banner-golden-tomato-768x512.jpg 768w, https:\/\/mutti-parma.com\/app\/uploads\/sites\/3\/2019\/09\/banner-golden-tomato-150x100.jpg 150w, https:\/\/mutti-parma.com\/app\/uploads\/sites\/3\/2019\/09\/banner-golden-tomato-600x400.jpg 600w\" \/><\/figure><div class=\"wp-block-media-text__content\">\n<h2 class=\"wp-block-heading\"><strong>Z\u0141OTY POMIDOR (POMODORINO D\u00b4ORO) <\/strong><\/h2>\n\n\n\n<p class=\"has-xxl-font-size is-style-cursive\">Misja: perfekcja<\/p>\n\n\n\n<p>Robimy wszystko, co w naszej mocy, aby produkty, kt\u00f3re Wam dostarczamy by\u0142y jak najwy\u017cszej jako\u015bci. Dlatego ka\u017cdego roku Mutti wr\u0119cza Z\u0142otego Pomidora (Pomodorino d\u2019Oro) jako\u015bci najlepszemu producentowi na p\u00f3\u0142nocy W\u0142och i Z\u0142ot\u0105 Tablic\u0119 (Targhe d\u2019Oro) za najlepsz\u0105 jako\u015b\u0107 pomidor\u00f3w z po\u0142udniowych rejon\u00f3w.<\/p>\n\n\n\n<div class=\"wp-block-button\"><a class=\"wp-block-button__link\" href=\"https:\/\/staging-mutti.kinsta.cloud\/pl\/?page_id=11\"><strong>CZYTAJ WI\u0118CEJ O NAGRODACH<\/strong><\/a><\/div>\n<\/div><\/div>\n\n\n\n<div class=\"wp-block-media-text alignwide has-media-on-the-right is-stacked-on-mobile\"><figure class=\"wp-block-media-text__media\"><img loading=\"lazy\" decoding=\"async\" src=\"https:\/\/staging-mutti.kinsta.cloud\/app\/uploads\/sites\/3\/2019\/09\/tomatoes-cherry.jpg\" alt=\"\" class=\"wp-image-30000010\" sizes=\"(max-width: 600px) 100vw, (min-width: 1440px) 792px,55vw\" data-spai-crop=\"false\" srcset=\"https:\/\/mutti-parma.com\/app\/uploads\/sites\/3\/2019\/09\/tomatoes-cherry.jpg 800w, https:\/\/mutti-parma.com\/app\/uploads\/sites\/3\/2019\/09\/tomatoes-cherry-200x200.jpg 200w, https:\/\/mutti-parma.com\/app\/uploads\/sites\/3\/2019\/09\/tomatoes-cherry-500x500.jpg 500w, https:\/\/mutti-parma.com\/app\/uploads\/sites\/3\/2019\/09\/tomatoes-cherry-768x768.jpg 768w, https:\/\/mutti-parma.com\/app\/uploads\/sites\/3\/2019\/09\/tomatoes-cherry-150x150.jpg 150w, https:\/\/mutti-parma.com\/app\/uploads\/sites\/3\/2019\/09\/tomatoes-cherry-600x600.jpg 600w, https:\/\/mutti-parma.com\/app\/uploads\/sites\/3\/2019\/09\/tomatoes-cherry-50x50.jpg 50w, https:\/\/mutti-parma.com\/app\/uploads\/sites\/3\/2019\/09\/tomatoes-cherry-60x60.jpg 60w\" \/><\/figure><div class=\"wp-block-media-text__content\">\n<h2 class=\"wp-block-heading\"><strong>Sk\u0105d si\u0119 bior\u0105 najlepsze pomidory?<\/strong><\/h2>\n\n\n\n<p>Historia naszych pomidor\u00f3w zaczyna si\u0119 na w\u0142oskich polach. Ka\u017cdy rodzaj gleby i odmiana pomidor\u00f3w maj\u0105 swoje unikalne cechy. Ka\u017cdy etap drogi \u2013 od pola do kuchni \u2013 wp\u0142ywa na ich smak.<\/p>\n\n\n\n<div class=\"wp-block-button\"><a class=\"wp-block-button__link\" href=\"https:\/\/staging-mutti.kinsta.cloud\/pl\/?page_id=5\"><strong>Dowiedz si\u0119 wi\u0119cej o naszych pomidorach<\/strong><\/a><\/div>\n<\/div><\/div>\n\n\n","protected":false},"excerpt":{"rendered":"<p>Pe\u0142ni pasji jak zawsze Nasza firma dzisiaj Jeste\u015bmy w pe\u0142ni oddani tworzeniu najlepszych produkt\u00f3w z pomidor\u00f3w dla naszych konsument\u00f3w. Siedziba g\u0142\u00f3wna firmy mie\u015bci si\u0119 w Parmie, we W\u0142oszech, gdzie powsta\u0142a 120 lat temu. W przysz\u0142o\u015bci chcemy nieustannie dzieli\u0107 si\u0119 nasza mi\u0142o\u015bci\u0105 do pomidorowych smak\u00f3w, nowych pomys\u0142\u00f3w i zr\u00f3wnowa\u017conego rozwoju z milionami naszych nowych fan\u00f3w. Dla<\/p>\n","protected":false},"author":1,"featured_media":0,"parent":0,"menu_order":22,"comment_status":"closed","ping_status":"closed","template":"template-about.blade.php","meta":{"_acf_changed":false,"_relevanssi_hide_post":"","_relevanssi_hide_content":"","_relevanssi_pin_for_all":"","_relevanssi_pin_keywords":"","_relevanssi_unpin_keywords":"","_relevanssi_related_keywords":"","_relevanssi_related_include_ids":"","_relevanssi_related_exclude_ids":"","_relevanssi_related_no_append":"","_relevanssi_related_not_related":"","_relevanssi_related_posts":"","_relevanssi_noindex_reason":"","footnotes":""},"class_list":["post-4","page","type-page","status-publish","hentry"],"acf":[],"_links":{"self":[{"href":"https:\/\/staging-mutti.kinsta.cloud\/pl\/wp-json\/wp\/v2\/pages\/4","targetHints":{"allow":["GET"]}}],"collection":[{"href":"https:\/\/staging-mutti.kinsta.cloud\/pl\/wp-json\/wp\/v2\/pages"}],"about":[{"href":"https:\/\/staging-mutti.kinsta.cloud\/pl\/wp-json\/wp\/v2\/types\/page"}],"author":[{"embeddable":true,"href":"https:\/\/staging-mutti.kinsta.cloud\/pl\/wp-json\/wp\/v2\/users\/1"}],"replies":[{"embeddable":true,"href":"https:\/\/staging-mutti.kinsta.cloud\/pl\/wp-json\/wp\/v2\/comments?post=4"}],"version-history":[{"count":17,"href":"https:\/\/staging-mutti.kinsta.cloud\/pl\/wp-json\/wp\/v2\/pages\/4\/revisions"}],"predecessor-version":[{"id":501,"href":"https:\/\/staging-mutti.kinsta.cloud\/pl\/wp-json\/wp\/v2\/pages\/4\/revisions\/501"}],"wp:attachment":[{"href":"https:\/\/staging-mutti.kinsta.cloud\/pl\/wp-json\/wp\/v2\/media?parent=4"}],"curies":[{"name":"wp","href":"https:\/\/api.w.org\/{rel}","templated":true}]}}